{"id":3119,"date":"2020-11-24T03:33:03","date_gmt":"2020-11-24T03:33:03","guid":{"rendered":"https:\/\/source.wpopal.com\/triply\/?page_id=3119"},"modified":"2026-03-29T05:23:22","modified_gmt":"2026-03-29T10:23:22","slug":"atracciones","status":"publish","type":"page","link":"https:\/\/larutadeloscenotes.mx\/index.php\/atracciones\/","title":{"rendered":"Atracciones"},"content":{"rendered":"\t\t<div data-elementor-type=\"wp-page\" data-elementor-id=\"3119\" class=\"elementor elementor-3119\" data-elementor-post-type=\"page\">\n\t\t\t\t<div class=\"elementor-element elementor-element-7f2f8e0 e-flex e-con-boxed e-con e-parent\" data-id=\"7f2f8e0\" data-element_type=\"container\" data-e-type=\"container\">\n\t\t\t\t\t<div class=\"e-con-inner\">\n\t\t\t\t<div class=\"elementor-element elementor-element-516990f elementor-widget elementor-widget-spacer\" data-id=\"516990f\" data-element_type=\"widget\" data-e-type=\"widget\" data-widget_type=\"spacer.default\">\n\t\t\t\t\t\t\t<div class=\"elementor-spacer\">\n\t\t\t<div class=\"elementor-spacer-inner\"><\/div>\n\t\t<\/div>\n\t\t\t\t\t\t<\/div>\n\t\t\t\t<div class=\"elementor-element elementor-element-feaa468 elementor-widget elementor-widget-text-editor\" data-id=\"feaa468\" data-element_type=\"widget\" data-e-type=\"widget\" data-widget_type=\"text-editor.default\">\n\t\t\t\t\t\t\t\t\t<p>Experiencias que conectan con tu esencia<\/p>\t\t\t\t\t\t\t\t<\/div>\n\t\t\t\t<div class=\"elementor-element elementor-element-c75a59e elementor-widget elementor-widget-heading\" data-id=\"c75a59e\" data-element_type=\"widget\" data-e-type=\"widget\" data-widget_type=\"heading.default\">\n\t\t\t\t\t<h2 class=\"elementor-heading-title elementor-size-default\">Descubre experiencias \u00fanicas en el cenote <\/h2>\t\t\t\t<\/div>\n\t\t\t\t<div class=\"elementor-element elementor-element-6d87aa4 elementor-widget elementor-widget-text-editor\" data-id=\"6d87aa4\" data-element_type=\"widget\" data-e-type=\"widget\" data-widget_type=\"text-editor.default\">\n\t\t\t\t\t\t\t\t\t<p>Naturaleza, aventura y conexi\u00f3n espiritual en un entorno m\u00e1gico que invita a vivir momentos inolvidables.<\/p>\t\t\t\t\t\t\t\t<\/div>\n\t\t\t\t\t<\/div>\n\t\t\t\t<\/div>\n\t\t\t\t<div class=\"elementor-section elementor-top-section elementor-element elementor-element-0a6b0f3 elementor-section-stretched elementor-section-boxed elementor-section-height-default elementor-section-height-default\" data-id=\"0a6b0f3\" data-element_type=\"section\" data-e-type=\"section\" data-settings=\"{&quot;stretch_section&quot;:&quot;section-stretched&quot;}\">\n\t\t\t\t\t\t<div class=\"elementor-container elementor-column-gap-no\">\n\t\t\t\t\t<div class=\"elementor-column elementor-col-50 elementor-top-column elementor-element elementor-element-390a158\" data-id=\"390a158\" data-element_type=\"column\" data-e-type=\"column\">\n\t\t\t<div class=\"elementor-widget-wrap elementor-element-populated\">\n\t\t\t\t\t\t<div class=\"elementor-element elementor-element-6d8f00e elementor-widget elementor-widget-taxonomy-item\" data-id=\"6d8f00e\" data-element_type=\"widget\" data-e-type=\"widget\" data-widget_type=\"taxonomy-item.default\">\n\t\t\t\t<div class=\"elementor-widget-container\">\n\t\t\t\t\t<div class=\"elementor-location-wrapper triply-location-item triply-location-item-1\">        <div class=\"location-item\">\n            <a class=\"title-location\"\n               href=\"https:\/\/larutadeloscenotes.mx\/index.php\/attractions\/bodas\/\">\n                                    <div class=\"thumbnail-location\">\n                        <img data-opt-id=1236605312  fetchpriority=\"high\" decoding=\"async\" src=\"https:\/\/ml0eqwbokiil.i.optimole.com\/w:auto\/h:auto\/q:mauto\/f:best\/https:\/\/larutadeloscenotes.mx\/wp-content\/uploads\/2026\/03\/boda.jpeg\"\n                             alt=\"Bodas\">\n                    <\/div>\n                    <div class=\"content-location\">\n                        <h2 class=\"title-tours\">Bodas<\/h2>\n                        <div class=\"taxonomy-infor\">\n                                                    <\/div>\n                    <\/div>\n                                                                            <\/a>\n        <\/div>\n        <\/div>\t\t\t\t<\/div>\n\t\t\t\t<\/div>\n\t\t\t\t\t<\/div>\n\t\t<\/div>\n\t\t\t\t<div class=\"elementor-column elementor-col-50 elementor-top-column elementor-element elementor-element-e098281\" data-id=\"e098281\" data-element_type=\"column\" data-e-type=\"column\">\n\t\t\t<div class=\"elementor-widget-wrap elementor-element-populated\">\n\t\t\t\t\t\t<div class=\"elementor-element elementor-element-2574a0a elementor-widget elementor-widget-taxonomy-item\" data-id=\"2574a0a\" data-element_type=\"widget\" data-e-type=\"widget\" data-widget_type=\"taxonomy-item.default\">\n\t\t\t\t<div class=\"elementor-widget-container\">\n\t\t\t\t\t<div class=\"elementor-location-wrapper triply-location-item triply-location-item-1\"><\/div>\t\t\t\t<\/div>\n\t\t\t\t<\/div>\n\t\t\t\t\t<\/div>\n\t\t<\/div>\n\t\t\t\t\t<\/div>\n\t\t<\/div>\n\t\t\t\t<div class=\"elementor-section elementor-top-section elementor-element elementor-element-91310c8 elementor-section-stretched elementor-section-boxed elementor-section-height-default elementor-section-height-default\" data-id=\"91310c8\" data-element_type=\"section\" data-e-type=\"section\" data-settings=\"{&quot;stretch_section&quot;:&quot;section-stretched&quot;}\">\n\t\t\t\t\t\t<div class=\"elementor-container elementor-column-gap-no\">\n\t\t\t\t\t<div class=\"elementor-column elementor-col-33 elementor-top-column elementor-element elementor-element-ae6a6a9\" data-id=\"ae6a6a9\" data-element_type=\"column\" data-e-type=\"column\">\n\t\t\t<div class=\"elementor-widget-wrap elementor-element-populated\">\n\t\t\t\t\t\t<div class=\"elementor-element elementor-element-0a8a78c elementor-widget elementor-widget-taxonomy-item\" data-id=\"0a8a78c\" data-element_type=\"widget\" data-e-type=\"widget\" data-widget_type=\"taxonomy-item.default\">\n\t\t\t\t<div class=\"elementor-widget-container\">\n\t\t\t\t\t<div class=\"elementor-location-wrapper triply-location-item triply-location-item-1\"><\/div>\t\t\t\t<\/div>\n\t\t\t\t<\/div>\n\t\t\t\t\t<\/div>\n\t\t<\/div>\n\t\t\t\t<div class=\"elementor-column elementor-col-33 elementor-top-column elementor-element elementor-element-5fdd7ca\" data-id=\"5fdd7ca\" data-element_type=\"column\" data-e-type=\"column\">\n\t\t\t<div class=\"elementor-widget-wrap elementor-element-populated\">\n\t\t\t\t\t\t<div class=\"elementor-element elementor-element-61c9cf1 elementor-widget elementor-widget-taxonomy-item\" data-id=\"61c9cf1\" data-element_type=\"widget\" data-e-type=\"widget\" data-widget_type=\"taxonomy-item.default\">\n\t\t\t\t<div class=\"elementor-widget-container\">\n\t\t\t\t\t<div class=\"elementor-location-wrapper triply-location-item triply-location-item-1\"><\/div>\t\t\t\t<\/div>\n\t\t\t\t<\/div>\n\t\t\t\t\t<\/div>\n\t\t<\/div>\n\t\t\t\t<div class=\"elementor-column elementor-col-33 elementor-top-column elementor-element elementor-element-381608a\" data-id=\"381608a\" data-element_type=\"column\" data-e-type=\"column\">\n\t\t\t<div class=\"elementor-widget-wrap elementor-element-populated\">\n\t\t\t\t\t\t<div class=\"elementor-element elementor-element-df073aa elementor-widget elementor-widget-taxonomy-item\" data-id=\"df073aa\" data-element_type=\"widget\" data-e-type=\"widget\" data-widget_type=\"taxonomy-item.default\">\n\t\t\t\t<div class=\"elementor-widget-container\">\n\t\t\t\t\t<div class=\"elementor-location-wrapper triply-location-item triply-location-item-1\"><\/div>\t\t\t\t<\/div>\n\t\t\t\t<\/div>\n\t\t\t\t\t<\/div>\n\t\t<\/div>\n\t\t\t\t\t<\/div>\n\t\t<\/div>\n\t\t\t\t<div class=\"elementor-section elementor-top-section elementor-element elementor-element-05216be elementor-section-stretched elementor-section-boxed elementor-section-height-default elementor-section-height-default\" data-id=\"05216be\" data-element_type=\"section\" data-e-type=\"section\" data-settings=\"{&quot;stretch_section&quot;:&quot;section-stretched&quot;}\">\n\t\t\t\t\t\t<div class=\"elementor-container elementor-column-gap-no\">\n\t\t\t\t\t<div class=\"elementor-column elementor-col-33 elementor-top-column elementor-element elementor-element-80f358d\" data-id=\"80f358d\" data-element_type=\"column\" data-e-type=\"column\">\n\t\t\t<div class=\"elementor-widget-wrap elementor-element-populated\">\n\t\t\t\t\t\t<div class=\"elementor-element elementor-element-528493b elementor-widget elementor-widget-taxonomy-item\" data-id=\"528493b\" data-element_type=\"widget\" data-e-type=\"widget\" data-widget_type=\"taxonomy-item.default\">\n\t\t\t\t<div class=\"elementor-widget-container\">\n\t\t\t\t\t<div class=\"elementor-location-wrapper triply-location-item triply-location-item-1\"><\/div>\t\t\t\t<\/div>\n\t\t\t\t<\/div>\n\t\t\t\t\t<\/div>\n\t\t<\/div>\n\t\t\t\t<div class=\"elementor-column elementor-col-33 elementor-top-column elementor-element elementor-element-d7f71b5\" data-id=\"d7f71b5\" data-element_type=\"column\" data-e-type=\"column\">\n\t\t\t<div class=\"elementor-widget-wrap elementor-element-populated\">\n\t\t\t\t\t\t<div class=\"elementor-element elementor-element-2bccfe6 elementor-widget elementor-widget-taxonomy-item\" data-id=\"2bccfe6\" data-element_type=\"widget\" data-e-type=\"widget\" data-widget_type=\"taxonomy-item.default\">\n\t\t\t\t<div class=\"elementor-widget-container\">\n\t\t\t\t\t<div class=\"elementor-location-wrapper triply-location-item triply-location-item-1\"><\/div>\t\t\t\t<\/div>\n\t\t\t\t<\/div>\n\t\t\t\t\t<\/div>\n\t\t<\/div>\n\t\t\t\t<div class=\"elementor-column elementor-col-33 elementor-top-column elementor-element elementor-element-651d97f\" data-id=\"651d97f\" data-element_type=\"column\" data-e-type=\"column\">\n\t\t\t<div class=\"elementor-widget-wrap elementor-element-populated\">\n\t\t\t\t\t\t<div class=\"elementor-element elementor-element-9225f94 elementor-widget elementor-widget-taxonomy-item\" data-id=\"9225f94\" data-element_type=\"widget\" data-e-type=\"widget\" data-widget_type=\"taxonomy-item.default\">\n\t\t\t\t<div class=\"elementor-widget-container\">\n\t\t\t\t\t<div class=\"elementor-location-wrapper triply-location-item triply-location-item-1\"><\/div>\t\t\t\t<\/div>\n\t\t\t\t<\/div>\n\t\t\t\t\t<\/div>\n\t\t<\/div>\n\t\t\t\t\t<\/div>\n\t\t<\/div>\n\t\t\t\t<\/div>\n\t\t","protected":false},"excerpt":{"rendered":"<p>Experiencias que conectan con tu esencia Descubre experiencias \u00fanicas en el cenote Naturaleza, aventura y conexi\u00f3n espiritual en un entorno m\u00e1gico que invita a vivir momentos inolvidables. Bodas<\/p>\n","protected":false},"author":1,"featured_media":0,"parent":0,"menu_order":0,"comment_status":"closed","ping_status":"closed","template":"elementor_header_footer","meta":{"footnotes":""},"class_list":["post-3119","page","type-page","status-publish","hentry"],"yoast_head":"<!-- This site is optimized with the Yoast SEO plugin v27.3 - https:\/\/yoast.com\/product\/yoast-seo-wordpress\/ -->\n<title>Atracciones - Cenote Amistad<\/title>\n<meta name=\"robots\" content=\"index, follow, max-snippet:-1, max-image-preview:large, max-video-preview:-1\" \/>\n<link rel=\"canonical\" href=\"https:\/\/larutadeloscenotes.mx\/index.php\/atracciones\/\" \/>\n<meta property=\"og:locale\" content=\"es_ES\" \/>\n<meta property=\"og:type\" content=\"article\" \/>\n<meta property=\"og:title\" content=\"Atracciones - Cenote Amistad\" \/>\n<meta property=\"og:description\" content=\"Experiencias que conectan con tu esencia Descubre experiencias \u00fanicas en el cenote Naturaleza, aventura y conexi\u00f3n espiritual en un entorno m\u00e1gico que invita a vivir momentos inolvidables. Bodas\" \/>\n<meta property=\"og:url\" content=\"https:\/\/larutadeloscenotes.mx\/index.php\/atracciones\/\" \/>\n<meta property=\"og:site_name\" content=\"Cenote Amistad\" \/>\n<meta property=\"article:publisher\" content=\"https:\/\/www.facebook.com\/cenotelfrutodelaamistad\" \/>\n<meta property=\"article:modified_time\" content=\"2026-03-29T10:23:22+00:00\" \/>\n<meta property=\"og:image\" content=\"https:\/\/ml0eqwbokiil.i.optimole.com\/w:auto\/h:auto\/q:mauto\/f:best\/https:\/\/larutadeloscenotes.mx\/wp-content\/uploads\/2026\/03\/boda.jpeg\" \/>\n<meta name=\"twitter:card\" content=\"summary_large_image\" \/>\n<script type=\"application\/ld+json\" class=\"yoast-schema-graph\">{\"@context\":\"https:\\\/\\\/schema.org\",\"@graph\":[{\"@type\":\"WebPage\",\"@id\":\"https:\\\/\\\/larutadeloscenotes.mx\\\/index.php\\\/atracciones\\\/\",\"url\":\"https:\\\/\\\/larutadeloscenotes.mx\\\/index.php\\\/atracciones\\\/\",\"name\":\"Atracciones - Cenote Amistad\",\"isPartOf\":{\"@id\":\"https:\\\/\\\/larutadeloscenotes.mx\\\/#website\"},\"primaryImageOfPage\":{\"@id\":\"https:\\\/\\\/larutadeloscenotes.mx\\\/index.php\\\/atracciones\\\/#primaryimage\"},\"image\":{\"@id\":\"https:\\\/\\\/larutadeloscenotes.mx\\\/index.php\\\/atracciones\\\/#primaryimage\"},\"thumbnailUrl\":\"https:\\/\\/larutadeloscenotes.mx\\/wp-content\\/uploads\\/2026\\/03\\/boda.jpeg\",\"datePublished\":\"2020-11-24T03:33:03+00:00\",\"dateModified\":\"2026-03-29T10:23:22+00:00\",\"breadcrumb\":{\"@id\":\"https:\\\/\\\/larutadeloscenotes.mx\\\/index.php\\\/atracciones\\\/#breadcrumb\"},\"inLanguage\":\"es\",\"potentialAction\":[{\"@type\":\"ReadAction\",\"target\":[\"https:\\\/\\\/larutadeloscenotes.mx\\\/index.php\\\/atracciones\\\/\"]}]},{\"@type\":\"ImageObject\",\"inLanguage\":\"es\",\"@id\":\"https:\\\/\\\/larutadeloscenotes.mx\\\/index.php\\\/atracciones\\\/#primaryimage\",\"url\":\"https:\\/\\/larutadeloscenotes.mx\\/wp-content\\/uploads\\/2026\\/03\\/boda.jpeg\",\"contentUrl\":\"https:\\/\\/larutadeloscenotes.mx\\/wp-content\\/uploads\\/2026\\/03\\/boda.jpeg\",\"width\":1280,\"height\":732,\"caption\":\"Momentos que se convierten en recuerdos para toda la vida\"},{\"@type\":\"BreadcrumbList\",\"@id\":\"https:\\\/\\\/larutadeloscenotes.mx\\\/index.php\\\/atracciones\\\/#breadcrumb\",\"itemListElement\":[{\"@type\":\"ListItem\",\"position\":1,\"name\":\"Portada\",\"item\":\"https:\\\/\\\/larutadeloscenotes.mx\\\/\"},{\"@type\":\"ListItem\",\"position\":2,\"name\":\"Atracciones\"}]},{\"@type\":\"WebSite\",\"@id\":\"https:\\\/\\\/larutadeloscenotes.mx\\\/#website\",\"url\":\"https:\\\/\\\/larutadeloscenotes.mx\\\/\",\"name\":\"Cenote Amistad\",\"description\":\"Tu v\u00ednculo con la Madre Tierra\",\"publisher\":{\"@id\":\"https:\\\/\\\/larutadeloscenotes.mx\\\/#organization\"},\"potentialAction\":[{\"@type\":\"SearchAction\",\"target\":{\"@type\":\"EntryPoint\",\"urlTemplate\":\"https:\\\/\\\/larutadeloscenotes.mx\\\/?s={search_term_string}\"},\"query-input\":{\"@type\":\"PropertyValueSpecification\",\"valueRequired\":true,\"valueName\":\"search_term_string\"}}],\"inLanguage\":\"es\"},{\"@type\":\"Organization\",\"@id\":\"https:\\\/\\\/larutadeloscenotes.mx\\\/#organization\",\"name\":\"Cenote Amistad\",\"url\":\"https:\\\/\\\/larutadeloscenotes.mx\\\/\",\"logo\":{\"@type\":\"ImageObject\",\"inLanguage\":\"es\",\"@id\":\"https:\\\/\\\/larutadeloscenotes.mx\\\/#\\\/schema\\\/logo\\\/image\\\/\",\"url\":\"https:\\/\\/larutadeloscenotes.mx\\/wp-content\\/uploads\\/2026\\/03\\/logopagina-1.png\",\"contentUrl\":\"https:\\/\\/larutadeloscenotes.mx\\/wp-content\\/uploads\\/2026\\/03\\/logopagina-1.png\",\"width\":544,\"height\":171,\"caption\":\"Cenote Amistad\"},\"image\":{\"@id\":\"https:\\\/\\\/larutadeloscenotes.mx\\\/#\\\/schema\\\/logo\\\/image\\\/\"},\"sameAs\":[\"https:\\\/\\\/www.facebook.com\\\/cenotelfrutodelaamistad\",\"https:\\\/\\\/www.instagram.com\\\/cenote_amistad\\\/\"]}]}<\/script>\n<!-- \/ Yoast SEO plugin. -->","yoast_head_json":{"title":"Atracciones - Cenote Amistad","robots":{"index":"index","follow":"follow","max-snippet":"max-snippet:-1","max-image-preview":"max-image-preview:large","max-video-preview":"max-video-preview:-1"},"canonical":"https:\/\/larutadeloscenotes.mx\/index.php\/atracciones\/","og_locale":"es_ES","og_type":"article","og_title":"Atracciones - Cenote Amistad","og_description":"Experiencias que conectan con tu esencia Descubre experiencias \u00fanicas en el cenote Naturaleza, aventura y conexi\u00f3n espiritual en un entorno m\u00e1gico que invita a vivir momentos inolvidables. Bodas","og_url":"https:\/\/larutadeloscenotes.mx\/index.php\/atracciones\/","og_site_name":"Cenote Amistad","article_publisher":"https:\/\/www.facebook.com\/cenotelfrutodelaamistad","article_modified_time":"2026-03-29T10:23:22+00:00","og_image":[{"url":"https:\/\/ml0eqwbokiil.i.optimole.com\/w:auto\/h:auto\/q:mauto\/f:best\/https:\/\/larutadeloscenotes.mx\/wp-content\/uploads\/2026\/03\/boda.jpeg","type":"","width":"","height":""}],"twitter_card":"summary_large_image","schema":{"@context":"https:\/\/schema.org","@graph":[{"@type":"WebPage","@id":"https:\/\/larutadeloscenotes.mx\/index.php\/atracciones\/","url":"https:\/\/larutadeloscenotes.mx\/index.php\/atracciones\/","name":"Atracciones - Cenote Amistad","isPartOf":{"@id":"https:\/\/larutadeloscenotes.mx\/#website"},"primaryImageOfPage":{"@id":"https:\/\/larutadeloscenotes.mx\/index.php\/atracciones\/#primaryimage"},"image":{"@id":"https:\/\/larutadeloscenotes.mx\/index.php\/atracciones\/#primaryimage"},"thumbnailUrl":"https:\/\/ml0eqwbokiil.i.optimole.com\/w:auto\/h:auto\/q:mauto\/f:best\/https:\/\/larutadeloscenotes.mx\/wp-content\/uploads\/2026\/03\/boda.jpeg","datePublished":"2020-11-24T03:33:03+00:00","dateModified":"2026-03-29T10:23:22+00:00","breadcrumb":{"@id":"https:\/\/larutadeloscenotes.mx\/index.php\/atracciones\/#breadcrumb"},"inLanguage":"es","potentialAction":[{"@type":"ReadAction","target":["https:\/\/larutadeloscenotes.mx\/index.php\/atracciones\/"]}]},{"@type":"ImageObject","inLanguage":"es","@id":"https:\/\/larutadeloscenotes.mx\/index.php\/atracciones\/#primaryimage","url":"https:\/\/ml0eqwbokiil.i.optimole.com\/w:auto\/h:auto\/q:mauto\/f:best\/https:\/\/larutadeloscenotes.mx\/wp-content\/uploads\/2026\/03\/boda.jpeg","contentUrl":"https:\/\/ml0eqwbokiil.i.optimole.com\/w:auto\/h:auto\/q:mauto\/f:best\/https:\/\/larutadeloscenotes.mx\/wp-content\/uploads\/2026\/03\/boda.jpeg","width":1280,"height":732,"caption":"Momentos que se convierten en recuerdos para toda la vida"},{"@type":"BreadcrumbList","@id":"https:\/\/larutadeloscenotes.mx\/index.php\/atracciones\/#breadcrumb","itemListElement":[{"@type":"ListItem","position":1,"name":"Portada","item":"https:\/\/larutadeloscenotes.mx\/"},{"@type":"ListItem","position":2,"name":"Atracciones"}]},{"@type":"WebSite","@id":"https:\/\/larutadeloscenotes.mx\/#website","url":"https:\/\/larutadeloscenotes.mx\/","name":"Cenote Amistad","description":"Tu v\u00ednculo con la Madre Tierra","publisher":{"@id":"https:\/\/larutadeloscenotes.mx\/#organization"},"potentialAction":[{"@type":"SearchAction","target":{"@type":"EntryPoint","urlTemplate":"https:\/\/larutadeloscenotes.mx\/?s={search_term_string}"},"query-input":{"@type":"PropertyValueSpecification","valueRequired":true,"valueName":"search_term_string"}}],"inLanguage":"es"},{"@type":"Organization","@id":"https:\/\/larutadeloscenotes.mx\/#organization","name":"Cenote Amistad","url":"https:\/\/larutadeloscenotes.mx\/","logo":{"@type":"ImageObject","inLanguage":"es","@id":"https:\/\/larutadeloscenotes.mx\/#\/schema\/logo\/image\/","url":"https:\/\/ml0eqwbokiil.i.optimole.com\/w:auto\/h:auto\/q:mauto\/f:best\/https:\/\/larutadeloscenotes.mx\/wp-content\/uploads\/2026\/03\/logopagina-1.png","contentUrl":"https:\/\/ml0eqwbokiil.i.optimole.com\/w:auto\/h:auto\/q:mauto\/f:best\/https:\/\/larutadeloscenotes.mx\/wp-content\/uploads\/2026\/03\/logopagina-1.png","width":544,"height":171,"caption":"Cenote Amistad"},"image":{"@id":"https:\/\/larutadeloscenotes.mx\/#\/schema\/logo\/image\/"},"sameAs":["https:\/\/www.facebook.com\/cenotelfrutodelaamistad","https:\/\/www.instagram.com\/cenote_amistad\/"]}]}},"_links":{"self":[{"href":"https:\/\/larutadeloscenotes.mx\/index.php\/wp-json\/wp\/v2\/pages\/3119","targetHints":{"allow":["GET"]}}],"collection":[{"href":"https:\/\/larutadeloscenotes.mx\/index.php\/wp-json\/wp\/v2\/pages"}],"about":[{"href":"https:\/\/larutadeloscenotes.mx\/index.php\/wp-json\/wp\/v2\/types\/page"}],"author":[{"embeddable":true,"href":"https:\/\/larutadeloscenotes.mx\/index.php\/wp-json\/wp\/v2\/users\/1"}],"replies":[{"embeddable":true,"href":"https:\/\/larutadeloscenotes.mx\/index.php\/wp-json\/wp\/v2\/comments?post=3119"}],"version-history":[{"count":11,"href":"https:\/\/larutadeloscenotes.mx\/index.php\/wp-json\/wp\/v2\/pages\/3119\/revisions"}],"predecessor-version":[{"id":11208,"href":"https:\/\/larutadeloscenotes.mx\/index.php\/wp-json\/wp\/v2\/pages\/3119\/revisions\/11208"}],"wp:attachment":[{"href":"https:\/\/larutadeloscenotes.mx\/index.php\/wp-json\/wp\/v2\/media?parent=3119"}],"curies":[{"name":"wp","href":"https:\/\/api.w.org\/{rel}","templated":true}]}}